{"id":475,"date":"2018-04-09T12:18:36","date_gmt":"2018-04-09T12:18:36","guid":{"rendered":"http:\/\/rochadental.es\/?page_id=475"},"modified":"2018-04-09T12:18:36","modified_gmt":"2018-04-09T12:18:36","slug":"ensenanza-de-cepillado","status":"publish","type":"page","link":"https:\/\/rochadental.es\/ca\/galeria\/ensenyament-de-raspallat\/","title":{"rendered":"Ensenyament de raspallat"},"content":{"rendered":"<p>Prioritzem en tots els nostres pacients la prevenci\u00f3, de manera que des d&#8217;edats molt primerenques fem molt \u00e8mfasi en l&#8217;ensenyament del raspallat i en la seva pr\u00e0ctica di\u00e0ria.<\/p>","protected":false},"excerpt":{"rendered":"<p>Prioritzem en tots els nostres pacients la prevenci\u00f3, de manera que des d&#8217;edats molt primerenques fem molt \u00e8mfasi en l&#8217;ensenyament del raspallat i en la seva pr\u00e0ctica di\u00e0ria.<\/p>\n","protected":false},"author":1,"featured_media":0,"parent":60,"menu_order":0,"comment_status":"closed","ping_status":"closed","template":"templates\/dms-template-gallery-single.php","meta":[],"_links":{"self":[{"href":"https:\/\/rochadental.es\/ca\/wp-json\/wp\/v2\/pages\/475"}],"collection":[{"href":"https:\/\/rochadental.es\/ca\/wp-json\/wp\/v2\/pages"}],"about":[{"href":"https:\/\/rochadental.es\/ca\/wp-json\/wp\/v2\/types\/page"}],"author":[{"embeddable":true,"href":"https:\/\/rochadental.es\/ca\/wp-json\/wp\/v2\/users\/1"}],"replies":[{"embeddable":true,"href":"https:\/\/rochadental.es\/ca\/wp-json\/wp\/v2\/comments?post=475"}],"version-history":[{"count":1,"href":"https:\/\/rochadental.es\/ca\/wp-json\/wp\/v2\/pages\/475\/revisions"}],"predecessor-version":[{"id":483,"href":"https:\/\/rochadental.es\/ca\/wp-json\/wp\/v2\/pages\/475\/revisions\/483"}],"up":[{"embeddable":true,"href":"https:\/\/rochadental.es\/ca\/wp-json\/wp\/v2\/pages\/60"}],"wp:attachment":[{"href":"https:\/\/rochadental.es\/ca\/wp-json\/wp\/v2\/media?parent=475"}],"curies":[{"name":"wp","href":"https:\/\/api.w.org\/{rel}","templated":true}]}}