{"id":458,"date":"2018-04-09T12:08:46","date_gmt":"2018-04-09T12:08:46","guid":{"rendered":"http:\/\/rochadental.es\/?page_id=458"},"modified":"2024-10-04T08:44:13","modified_gmt":"2024-10-04T08:44:13","slug":"sala-de-rayos","status":"publish","type":"page","link":"https:\/\/rochadental.es\/ca\/galeria\/sala-de-raigs\/","title":{"rendered":"Sala de Raigs"},"content":{"rendered":"<p>Disposem dels equips de radiologia m\u00e9s actuals i innovadors del mercat, proporcionant la qualitat m\u00e9s alta en la resoluci\u00f3 de les nostres radiografies amb la dosi de radiaci\u00f3 m\u00ednima possible.<\/p>","protected":false},"excerpt":{"rendered":"<p>Disposem dels equips de radiologia m\u00e9s actuals i innovadors del mercat, proporcionant la qualitat m\u00e9s alta en la resoluci\u00f3 de les nostres radiografies amb la dosi de radiaci\u00f3 m\u00ednima possible.<\/p>\n","protected":false},"author":1,"featured_media":0,"parent":60,"menu_order":0,"comment_status":"closed","ping_status":"closed","template":"templates\/dms-template-gallery-single.php","meta":[],"_links":{"self":[{"href":"https:\/\/rochadental.es\/ca\/wp-json\/wp\/v2\/pages\/458"}],"collection":[{"href":"https:\/\/rochadental.es\/ca\/wp-json\/wp\/v2\/pages"}],"about":[{"href":"https:\/\/rochadental.es\/ca\/wp-json\/wp\/v2\/types\/page"}],"author":[{"embeddable":true,"href":"https:\/\/rochadental.es\/ca\/wp-json\/wp\/v2\/users\/1"}],"replies":[{"embeddable":true,"href":"https:\/\/rochadental.es\/ca\/wp-json\/wp\/v2\/comments?post=458"}],"version-history":[{"count":3,"href":"https:\/\/rochadental.es\/ca\/wp-json\/wp\/v2\/pages\/458\/revisions"}],"predecessor-version":[{"id":626,"href":"https:\/\/rochadental.es\/ca\/wp-json\/wp\/v2\/pages\/458\/revisions\/626"}],"up":[{"embeddable":true,"href":"https:\/\/rochadental.es\/ca\/wp-json\/wp\/v2\/pages\/60"}],"wp:attachment":[{"href":"https:\/\/rochadental.es\/ca\/wp-json\/wp\/v2\/media?parent=458"}],"curies":[{"name":"wp","href":"https:\/\/api.w.org\/{rel}","templated":true}]}}