{"id":426,"date":"2018-04-09T11:54:50","date_gmt":"2018-04-09T11:54:50","guid":{"rendered":"http:\/\/rochadental.es\/?page_id=426"},"modified":"2018-04-09T11:54:50","modified_gmt":"2018-04-09T11:54:50","slug":"sala-de-espera","status":"publish","type":"page","link":"https:\/\/rochadental.es\/ca\/galeria\/sala-despera\/","title":{"rendered":"Sala d&#8217;espera"},"content":{"rendered":"<p>A la nostra sala d&#8217;espera podr\u00e0 gaudir d&#8217;entreteniment des del m\u00e9s petit de la casa fins al m\u00e9s gran.<\/p>","protected":false},"excerpt":{"rendered":"<p>A la nostra sala d&#8217;espera podr\u00e0 gaudir d&#8217;entreteniment des del m\u00e9s petit de la casa fins al m\u00e9s gran.<\/p>\n","protected":false},"author":1,"featured_media":0,"parent":60,"menu_order":0,"comment_status":"closed","ping_status":"closed","template":"templates\/dms-template-gallery-single.php","meta":[],"_links":{"self":[{"href":"https:\/\/rochadental.es\/ca\/wp-json\/wp\/v2\/pages\/426"}],"collection":[{"href":"https:\/\/rochadental.es\/ca\/wp-json\/wp\/v2\/pages"}],"about":[{"href":"https:\/\/rochadental.es\/ca\/wp-json\/wp\/v2\/types\/page"}],"author":[{"embeddable":true,"href":"https:\/\/rochadental.es\/ca\/wp-json\/wp\/v2\/users\/1"}],"replies":[{"embeddable":true,"href":"https:\/\/rochadental.es\/ca\/wp-json\/wp\/v2\/comments?post=426"}],"version-history":[{"count":1,"href":"https:\/\/rochadental.es\/ca\/wp-json\/wp\/v2\/pages\/426\/revisions"}],"predecessor-version":[{"id":432,"href":"https:\/\/rochadental.es\/ca\/wp-json\/wp\/v2\/pages\/426\/revisions\/432"}],"up":[{"embeddable":true,"href":"https:\/\/rochadental.es\/ca\/wp-json\/wp\/v2\/pages\/60"}],"wp:attachment":[{"href":"https:\/\/rochadental.es\/ca\/wp-json\/wp\/v2\/media?parent=426"}],"curies":[{"name":"wp","href":"https:\/\/api.w.org\/{rel}","templated":true}]}}