{"id":390,"date":"2018-04-04T09:31:15","date_gmt":"2018-04-04T09:31:15","guid":{"rendered":"http:\/\/rochadental.es\/?page_id=390"},"modified":"2024-10-04T08:43:33","modified_gmt":"2024-10-04T08:43:33","slug":"recepcion","status":"publish","type":"page","link":"https:\/\/rochadental.es\/ca\/galeria\/recepcio\/","title":{"rendered":"Recepci\u00f3"},"content":{"rendered":"<p>Des del moment en qu\u00e8 entris a la nostra cl\u00ednica rebr\u00e0s un tracte agradable i acollidor, que et transmetr\u00e0 la confian\u00e7a perqu\u00e8 puguem tenir cura de la teva boca des del primer moment en que et vegem.<\/p>","protected":false},"excerpt":{"rendered":"<p>Des del moment en qu\u00e8 entris a la nostra cl\u00ednica rebr\u00e0s un tracte agradable i acollidor, que et transmetr\u00e0 la confian\u00e7a perqu\u00e8 puguem tenir cura de la teva boca des del primer moment en que et vegem.<\/p>\n","protected":false},"author":1,"featured_media":0,"parent":60,"menu_order":0,"comment_status":"closed","ping_status":"closed","template":"templates\/dms-template-gallery-single.php","meta":[],"_links":{"self":[{"href":"https:\/\/rochadental.es\/ca\/wp-json\/wp\/v2\/pages\/390"}],"collection":[{"href":"https:\/\/rochadental.es\/ca\/wp-json\/wp\/v2\/pages"}],"about":[{"href":"https:\/\/rochadental.es\/ca\/wp-json\/wp\/v2\/types\/page"}],"author":[{"embeddable":true,"href":"https:\/\/rochadental.es\/ca\/wp-json\/wp\/v2\/users\/1"}],"replies":[{"embeddable":true,"href":"https:\/\/rochadental.es\/ca\/wp-json\/wp\/v2\/comments?post=390"}],"version-history":[{"count":6,"href":"https:\/\/rochadental.es\/ca\/wp-json\/wp\/v2\/pages\/390\/revisions"}],"predecessor-version":[{"id":622,"href":"https:\/\/rochadental.es\/ca\/wp-json\/wp\/v2\/pages\/390\/revisions\/622"}],"up":[{"embeddable":true,"href":"https:\/\/rochadental.es\/ca\/wp-json\/wp\/v2\/pages\/60"}],"wp:attachment":[{"href":"https:\/\/rochadental.es\/ca\/wp-json\/wp\/v2\/media?parent=390"}],"curies":[{"name":"wp","href":"https:\/\/api.w.org\/{rel}","templated":true}]}}